{"id":247,"date":"2025-02-08T19:49:44","date_gmt":"2025-02-08T18:49:44","guid":{"rendered":"https:\/\/xn--bltdragr-b0a9q.dk\/?page_id=247"},"modified":"2025-02-09T19:29:33","modified_gmt":"2025-02-09T18:29:33","slug":"det-kystbeskyttende-dragoer","status":"publish","type":"page","link":"https:\/\/xn--bltdragr-b0a9q.dk\/?page_id=247","title":{"rendered":"Det kystbeskyttende Drag\u00f8r"},"content":{"rendered":"<p>[et_pb_section fb_built=&#8221;1&#8243; _builder_version=&#8221;4.27.4&#8243; _module_preset=&#8221;default&#8221; global_colors_info=&#8221;{}&#8221;][et_pb_row column_structure=&#8221;3_5,2_5&#8243; _builder_version=&#8221;4.27.4&#8243; _module_preset=&#8221;default&#8221; global_colors_info=&#8221;{}&#8221;][et_pb_column type=&#8221;3_5&#8243; _builder_version=&#8221;4.27.4&#8243; _module_preset=&#8221;default&#8221; global_colors_info=&#8221;{}&#8221;][et_pb_text _builder_version=&#8221;4.27.4&#8243; _module_preset=&#8221;default&#8221; hover_enabled=&#8221;0&#8243; global_colors_info=&#8221;{}&#8221; sticky_enabled=&#8221;0&#8243;]<\/p>\n<h1><strong><em>DET KYSTBESKYTTEDE DRAG\u00d8R <\/em><\/strong><\/h1>\n<p style=\"font-weight: 400;\">\n<p style=\"font-weight: 400;\">For Bl\u00e5t Drag\u00f8r er det helt centralt, at vi kommer i gang med beskyttelsen af Drag\u00f8rs mange v\u00e6rdier.<\/p>\n<p style=\"font-weight: 400;\">\n<p style=\"font-weight: 400;\">Beslutningen om Drag\u00f8rs diger er blevet udskudt gang p\u00e5 gang. Men vejret bliver hele tiden mere uforudsigeligt og vildt. Ulykken kan ramme os n\u00e5r som helst. Naturkatastrofer ser man over hele verden og det kan naturligvis ogs\u00e5 ramme os \u2013 h\u00e5rdt og hvorn\u00e5r som helst.<\/p>\n<p style=\"font-weight: 400;\">\n<p style=\"font-weight: 400;\">Hele Danmark er i gang med at skulle kystsikres. Vi kan v\u00e6re sikre p\u00e5 en ting; Jo l\u00e6ngere vi venter, desto dyrere bliver det. Behovet for jord, transport og anl\u00e6g vil kun stige og stige \u2013 det samme vil omkostningerne.<\/p>\n<p style=\"font-weight: 400;\">\n<p style=\"font-weight: 400;\">Diger omkring Drag\u00f8r skal ikke lukke os ude fra vandet, men skal lukke vandet ude fra os. Lad os tage udgangspunkt i forslaget, udarbejdet af Arkitema\/COWI, som giver plads for rekreative muligheder for vores borgere p\u00e5 en ny og sp\u00e6ndende m\u00e5de. Dette er muligheden for, at digerne ikke kun bliver set som en udgift, men bestemt ogs\u00e5 som en investering i unikke naturoplevelser.<\/p>\n<p style=\"font-weight: 400;\">\n<p style=\"font-weight: 400;\">Derfor er det naturligt, at vi st\u00e5r sammen i denne helt afg\u00f8rende indsats for at beskytte vores by. Det handler ikke om \u201dmig\u201d, men om \u201dos\u201d.<span>\u00a0 <\/span>Dette er en stor kommunal opgave, og ikke kun op til den enkelte parcel at skulle betale, for nogen helt uoverskuelige bel\u00f8b.<\/p>\n<p style=\"font-weight: 400;\">\n<p style=\"font-weight: 400;\">Effektive diger, der beskytter os, ikke lukker os bag en \u201dmur\u201d og tilf\u00f8jer rekreative herlighedsv\u00e6rdier, vil ud over alt andet ogs\u00e5 g\u00f8re Drag\u00f8r til en endnu mere attraktiv by at bo i og dermed p\u00e5virke ejendomspriserne positivt. Men det haster af flere grunde, herunder risikoen for v\u00e6rditab og de st\u00e6rkt stigende anl\u00e6gsomkostninger.<\/p>\n<p style=\"font-weight: 400;\">\n<p style=\"font-weight: 400;\"><em><strong>For Bl\u00e5t Drag\u00f8r er det afg\u00f8rende at se digerne som en f\u00e6lles indsats. Det er Drag\u00f8rs borgere der bliver beskyttet, men det er ogs\u00e5 vores by, vores boliger og virksomheder, vores infrastruktur og vores f\u00e6lles v\u00e6rdier<\/strong><\/em><\/p>\n<p>[\/et_pb_text][\/et_pb_column][et_pb_column type=&#8221;2_5&#8243; _builder_version=&#8221;4.27.4&#8243; _module_preset=&#8221;default&#8221; global_colors_info=&#8221;{}&#8221;][et_pb_image src=&#8221;https:\/\/xn--bltdragr-b0a9q.dk\/wp-content\/uploads\/2025\/02\/kystbeskyttende-scaled.jpg&#8221; _builder_version=&#8221;4.27.4&#8243; _module_preset=&#8221;default&#8221; hover_enabled=&#8221;0&#8243; global_colors_info=&#8221;{}&#8221; title_text=&#8221;kystbeskyttende&#8221; sticky_enabled=&#8221;0&#8243;][\/et_pb_image][\/et_pb_column][\/et_pb_row][\/et_pb_section]<\/p>\n","protected":false},"excerpt":{"rendered":"<p>DET KYSTBESKYTTEDE DRAG\u00d8R For Bl\u00e5t Drag\u00f8r er det helt centralt, at vi kommer i gang med beskyttelsen af Drag\u00f8rs mange v\u00e6rdier. Beslutningen om Drag\u00f8rs diger er blevet udskudt gang p\u00e5 gang. Men vejret bliver hele tiden mere uforudsigeligt og vildt. Ulykken kan ramme os n\u00e5r som helst. Naturkatastrofer ser man over hele verden og det [&hellip;]<\/p>\n","protected":false},"author":1,"featured_media":0,"parent":0,"menu_order":0,"comment_status":"closed","ping_status":"closed","template":"","meta":{"_et_pb_use_builder":"on","_et_pb_old_content":"","_et_gb_content_width":"","footnotes":""},"class_list":["post-247","page","type-page","status-publish","hentry"],"yoast_head":"<!-- This site is optimized with the Yoast SEO plugin v26.6 - https:\/\/yoast.com\/wordpress\/plugins\/seo\/ -->\n<title>Det kystbeskyttende Drag\u00f8r - Bl\u00e5t Drag\u00f8r<\/title>\n<meta name=\"robots\" content=\"index, follow, max-snippet:-1, max-image-preview:large, max-video-preview:-1\" \/>\n<link rel=\"canonical\" href=\"https:\/\/xn--bltdragr-b0a9q.dk\/?page_id=247\" \/>\n<meta property=\"og:locale\" content=\"da_DK\" \/>\n<meta property=\"og:type\" content=\"article\" \/>\n<meta property=\"og:title\" content=\"Det kystbeskyttende Drag\u00f8r - Bl\u00e5t Drag\u00f8r\" \/>\n<meta property=\"og:description\" content=\"DET KYSTBESKYTTEDE DRAG\u00d8R For Bl\u00e5t Drag\u00f8r er det helt centralt, at vi kommer i gang med beskyttelsen af Drag\u00f8rs mange v\u00e6rdier. Beslutningen om Drag\u00f8rs diger er blevet udskudt gang p\u00e5 gang. Men vejret bliver hele tiden mere uforudsigeligt og vildt. Ulykken kan ramme os n\u00e5r som helst. Naturkatastrofer ser man over hele verden og det [&hellip;]\" \/>\n<meta property=\"og:url\" content=\"https:\/\/xn--bltdragr-b0a9q.dk\/?page_id=247\" \/>\n<meta property=\"og:site_name\" content=\"Bl\u00e5t Drag\u00f8r\" \/>\n<meta property=\"article:publisher\" content=\"https:\/\/www.facebook.com\/people\/Blt-Dragr\/61571406537924\/\" \/>\n<meta property=\"article:modified_time\" content=\"2025-02-09T18:29:33+00:00\" \/>\n<meta name=\"twitter:card\" content=\"summary_large_image\" \/>\n<meta name=\"twitter:label1\" content=\"Estimeret l\u00e6setid\" \/>\n\t<meta name=\"twitter:data1\" content=\"2 minutter\" \/>\n<script type=\"application\/ld+json\" class=\"yoast-schema-graph\">{\"@context\":\"https:\/\/schema.org\",\"@graph\":[{\"@type\":\"WebPage\",\"@id\":\"https:\/\/xn--bltdragr-b0a9q.dk\/?page_id=247\",\"url\":\"https:\/\/xn--bltdragr-b0a9q.dk\/?page_id=247\",\"name\":\"Det kystbeskyttende Drag\u00f8r - Bl\u00e5t Drag\u00f8r\",\"isPartOf\":{\"@id\":\"https:\/\/xn--bltdragr-b0a9q.dk\/#website\"},\"datePublished\":\"2025-02-08T18:49:44+00:00\",\"dateModified\":\"2025-02-09T18:29:33+00:00\",\"breadcrumb\":{\"@id\":\"https:\/\/xn--bltdragr-b0a9q.dk\/?page_id=247#breadcrumb\"},\"inLanguage\":\"da-DK\",\"potentialAction\":[{\"@type\":\"ReadAction\",\"target\":[\"https:\/\/xn--bltdragr-b0a9q.dk\/?page_id=247\"]}]},{\"@type\":\"BreadcrumbList\",\"@id\":\"https:\/\/xn--bltdragr-b0a9q.dk\/?page_id=247#breadcrumb\",\"itemListElement\":[{\"@type\":\"ListItem\",\"position\":1,\"name\":\"Hjem\",\"item\":\"https:\/\/xn--bltdragr-b0a9q.dk\/\"},{\"@type\":\"ListItem\",\"position\":2,\"name\":\"Det kystbeskyttende Drag\u00f8r\"}]},{\"@type\":\"WebSite\",\"@id\":\"https:\/\/xn--bltdragr-b0a9q.dk\/#website\",\"url\":\"https:\/\/xn--bltdragr-b0a9q.dk\/\",\"name\":\"Bl\u00e5t Drag\u00f8r\",\"description\":\"En vision om frihed og kvalitet\",\"publisher\":{\"@id\":\"https:\/\/xn--bltdragr-b0a9q.dk\/#organization\"},\"potentialAction\":[{\"@type\":\"SearchAction\",\"target\":{\"@type\":\"EntryPoint\",\"urlTemplate\":\"https:\/\/xn--bltdragr-b0a9q.dk\/?s={search_term_string}\"},\"query-input\":{\"@type\":\"PropertyValueSpecification\",\"valueRequired\":true,\"valueName\":\"search_term_string\"}}],\"inLanguage\":\"da-DK\"},{\"@type\":\"Organization\",\"@id\":\"https:\/\/xn--bltdragr-b0a9q.dk\/#organization\",\"name\":\"Bl\u00e5t Drag\u00f8r\",\"url\":\"https:\/\/xn--bltdragr-b0a9q.dk\/\",\"logo\":{\"@type\":\"ImageObject\",\"inLanguage\":\"da-DK\",\"@id\":\"https:\/\/xn--bltdragr-b0a9q.dk\/#\/schema\/logo\/image\/\",\"url\":\"https:\/\/xn--bltdragr-b0a9q.dk\/wp-content\/uploads\/2025\/02\/Blaat-Dragoer.png\",\"contentUrl\":\"https:\/\/xn--bltdragr-b0a9q.dk\/wp-content\/uploads\/2025\/02\/Blaat-Dragoer.png\",\"width\":1247,\"height\":226,\"caption\":\"Bl\u00e5t Drag\u00f8r\"},\"image\":{\"@id\":\"https:\/\/xn--bltdragr-b0a9q.dk\/#\/schema\/logo\/image\/\"},\"sameAs\":[\"https:\/\/www.facebook.com\/people\/Blt-Dragr\/61571406537924\/\"]}]}<\/script>\n<!-- \/ Yoast SEO plugin. -->","yoast_head_json":{"title":"Det kystbeskyttende Drag\u00f8r - Bl\u00e5t Drag\u00f8r","robots":{"index":"index","follow":"follow","max-snippet":"max-snippet:-1","max-image-preview":"max-image-preview:large","max-video-preview":"max-video-preview:-1"},"canonical":"https:\/\/xn--bltdragr-b0a9q.dk\/?page_id=247","og_locale":"da_DK","og_type":"article","og_title":"Det kystbeskyttende Drag\u00f8r - Bl\u00e5t Drag\u00f8r","og_description":"DET KYSTBESKYTTEDE DRAG\u00d8R For Bl\u00e5t Drag\u00f8r er det helt centralt, at vi kommer i gang med beskyttelsen af Drag\u00f8rs mange v\u00e6rdier. Beslutningen om Drag\u00f8rs diger er blevet udskudt gang p\u00e5 gang. Men vejret bliver hele tiden mere uforudsigeligt og vildt. Ulykken kan ramme os n\u00e5r som helst. Naturkatastrofer ser man over hele verden og det [&hellip;]","og_url":"https:\/\/xn--bltdragr-b0a9q.dk\/?page_id=247","og_site_name":"Bl\u00e5t Drag\u00f8r","article_publisher":"https:\/\/www.facebook.com\/people\/Blt-Dragr\/61571406537924\/","article_modified_time":"2025-02-09T18:29:33+00:00","twitter_card":"summary_large_image","twitter_misc":{"Estimeret l\u00e6setid":"2 minutter"},"schema":{"@context":"https:\/\/schema.org","@graph":[{"@type":"WebPage","@id":"https:\/\/xn--bltdragr-b0a9q.dk\/?page_id=247","url":"https:\/\/xn--bltdragr-b0a9q.dk\/?page_id=247","name":"Det kystbeskyttende Drag\u00f8r - Bl\u00e5t Drag\u00f8r","isPartOf":{"@id":"https:\/\/xn--bltdragr-b0a9q.dk\/#website"},"datePublished":"2025-02-08T18:49:44+00:00","dateModified":"2025-02-09T18:29:33+00:00","breadcrumb":{"@id":"https:\/\/xn--bltdragr-b0a9q.dk\/?page_id=247#breadcrumb"},"inLanguage":"da-DK","potentialAction":[{"@type":"ReadAction","target":["https:\/\/xn--bltdragr-b0a9q.dk\/?page_id=247"]}]},{"@type":"BreadcrumbList","@id":"https:\/\/xn--bltdragr-b0a9q.dk\/?page_id=247#breadcrumb","itemListElement":[{"@type":"ListItem","position":1,"name":"Hjem","item":"https:\/\/xn--bltdragr-b0a9q.dk\/"},{"@type":"ListItem","position":2,"name":"Det kystbeskyttende Drag\u00f8r"}]},{"@type":"WebSite","@id":"https:\/\/xn--bltdragr-b0a9q.dk\/#website","url":"https:\/\/xn--bltdragr-b0a9q.dk\/","name":"Bl\u00e5t Drag\u00f8r","description":"En vision om frihed og kvalitet","publisher":{"@id":"https:\/\/xn--bltdragr-b0a9q.dk\/#organization"},"potentialAction":[{"@type":"SearchAction","target":{"@type":"EntryPoint","urlTemplate":"https:\/\/xn--bltdragr-b0a9q.dk\/?s={search_term_string}"},"query-input":{"@type":"PropertyValueSpecification","valueRequired":true,"valueName":"search_term_string"}}],"inLanguage":"da-DK"},{"@type":"Organization","@id":"https:\/\/xn--bltdragr-b0a9q.dk\/#organization","name":"Bl\u00e5t Drag\u00f8r","url":"https:\/\/xn--bltdragr-b0a9q.dk\/","logo":{"@type":"ImageObject","inLanguage":"da-DK","@id":"https:\/\/xn--bltdragr-b0a9q.dk\/#\/schema\/logo\/image\/","url":"https:\/\/xn--bltdragr-b0a9q.dk\/wp-content\/uploads\/2025\/02\/Blaat-Dragoer.png","contentUrl":"https:\/\/xn--bltdragr-b0a9q.dk\/wp-content\/uploads\/2025\/02\/Blaat-Dragoer.png","width":1247,"height":226,"caption":"Bl\u00e5t Drag\u00f8r"},"image":{"@id":"https:\/\/xn--bltdragr-b0a9q.dk\/#\/schema\/logo\/image\/"},"sameAs":["https:\/\/www.facebook.com\/people\/Blt-Dragr\/61571406537924\/"]}]}},"_links":{"self":[{"href":"https:\/\/xn--bltdragr-b0a9q.dk\/index.php?rest_route=\/wp\/v2\/pages\/247","targetHints":{"allow":["GET"]}}],"collection":[{"href":"https:\/\/xn--bltdragr-b0a9q.dk\/index.php?rest_route=\/wp\/v2\/pages"}],"about":[{"href":"https:\/\/xn--bltdragr-b0a9q.dk\/index.php?rest_route=\/wp\/v2\/types\/page"}],"author":[{"embeddable":true,"href":"https:\/\/xn--bltdragr-b0a9q.dk\/index.php?rest_route=\/wp\/v2\/users\/1"}],"replies":[{"embeddable":true,"href":"https:\/\/xn--bltdragr-b0a9q.dk\/index.php?rest_route=%2Fwp%2Fv2%2Fcomments&post=247"}],"version-history":[{"count":4,"href":"https:\/\/xn--bltdragr-b0a9q.dk\/index.php?rest_route=\/wp\/v2\/pages\/247\/revisions"}],"predecessor-version":[{"id":314,"href":"https:\/\/xn--bltdragr-b0a9q.dk\/index.php?rest_route=\/wp\/v2\/pages\/247\/revisions\/314"}],"wp:attachment":[{"href":"https:\/\/xn--bltdragr-b0a9q.dk\/index.php?rest_route=%2Fwp%2Fv2%2Fmedia&parent=247"}],"curies":[{"name":"wp","href":"https:\/\/api.w.org\/{rel}","templated":true}]}}